{"id":21,"date":"2022-06-06T08:19:22","date_gmt":"2022-06-06T08:19:22","guid":{"rendered":"http:\/\/www.eltekltd.com\/?page_id=21"},"modified":"2022-06-06T08:19:22","modified_gmt":"2022-06-06T08:19:22","slug":"hakkimizda","status":"publish","type":"page","link":"https:\/\/www.eltekltd.com\/?page_id=21","title":{"rendered":"Hakk\u0131m\u0131zda"},"content":{"rendered":"<p>Eltek Proje End\u00fcstri Taahh\u00fct M\u00fchendislik Elektrik Sanayi ve Ticaret Limited \u015eirketi, kurucular\u0131n\u0131n uzun y\u0131llara dayanan sat\u0131\u015f ve m\u00fchendislik\u00a0 \u00a0tecr\u00fcbelerini bir \u00e7at\u0131 alt\u0131nda toplayarak \u00c7orlu\u2019da faaliyete \u00a0ba\u015flam\u0131\u015ft\u0131r.<br \/>\nKonusunda uzman bir kadroya sahip olan firmam\u0131z, geli\u015fen teknolojik yeniliklere\u00a0 uyum sa\u011flayarak bilin\u00e7li bir sorumluluk anlay\u0131\u015f\u0131yla Sat\u0131\u015f, M\u00fchendislik, M\u00fc\u015favirlik ve Taahh\u00fct hizmetleri vermektedir.<\/p>\n","protected":false},"excerpt":{"rendered":"<p>Eltek Proje End\u00fcstri Taahh\u00fct M\u00fchendislik Elektrik Sanayi ve Ticaret Limited \u015eirketi, kurucular\u0131n\u0131n uzun y\u0131llara dayanan sat\u0131\u015f ve m\u00fchendislik\u00a0 \u00a0tecr\u00fcbelerini bir \u00e7at\u0131 alt\u0131nda toplayarak \u00c7orlu\u2019da faaliyete \u00a0ba\u015flam\u0131\u015ft\u0131r. Konusunda uzman bir kadroya sahip olan firmam\u0131z, geli\u015fen teknolojik yeniliklere\u00a0 uyum sa\u011flayarak bilin\u00e7li bir sorumluluk anlay\u0131\u015f\u0131yla Sat\u0131\u015f, M\u00fchendislik, M\u00fc\u015favirlik ve Taahh\u00fct hizmetleri vermektedir.<\/p>\n","protected":false},"author":1,"featured_media":0,"parent":0,"menu_order":0,"comment_status":"closed","ping_status":"closed","template":"","meta":{"footnotes":""},"class_list":["post-21","page","type-page","status-publish","hentry"],"acf":[],"_links":{"self":[{"href":"https:\/\/www.eltekltd.com\/index.php?rest_route=\/wp\/v2\/pages\/21","targetHints":{"allow":["GET"]}}],"collection":[{"href":"https:\/\/www.eltekltd.com\/index.php?rest_route=\/wp\/v2\/pages"}],"about":[{"href":"https:\/\/www.eltekltd.com\/index.php?rest_route=\/wp\/v2\/types\/page"}],"author":[{"embeddable":true,"href":"https:\/\/www.eltekltd.com\/index.php?rest_route=\/wp\/v2\/users\/1"}],"replies":[{"embeddable":true,"href":"https:\/\/www.eltekltd.com\/index.php?rest_route=%2Fwp%2Fv2%2Fcomments&post=21"}],"version-history":[{"count":1,"href":"https:\/\/www.eltekltd.com\/index.php?rest_route=\/wp\/v2\/pages\/21\/revisions"}],"predecessor-version":[{"id":22,"href":"https:\/\/www.eltekltd.com\/index.php?rest_route=\/wp\/v2\/pages\/21\/revisions\/22"}],"wp:attachment":[{"href":"https:\/\/www.eltekltd.com\/index.php?rest_route=%2Fwp%2Fv2%2Fmedia&parent=21"}],"curies":[{"name":"wp","href":"https:\/\/api.w.org\/{rel}","templated":true}]}}